{"id":310,"date":"2021-11-04T10:21:32","date_gmt":"2021-11-04T10:21:32","guid":{"rendered":"https:\/\/www.profleetcarriers.com\/index.php\/services\/"},"modified":"2025-01-15T21:26:49","modified_gmt":"2025-01-15T21:26:49","slug":"services","status":"publish","type":"page","link":"https:\/\/www.profleetcarriers.com\/es\/services\/","title":{"rendered":"Servicios"},"content":{"rendered":"<div data-elementor-type=\"wp-page\" data-elementor-id=\"310\" class=\"elementor elementor-310\">\n\t\t\t\t<div class=\"elementor-element elementor-element-122e55f e-flex e-con-boxed e-con e-parent\" data-id=\"122e55f\" data-element_type=\"container\" data-settings=\"{&quot;background_background&quot;:&quot;classic&quot;}\">\n\t\t\t\t\t<div class=\"e-con-inner\">\n\t\t<div class=\"elementor-element elementor-element-d4f38d4 e-con-full e-flex e-con e-child\" data-id=\"d4f38d4\" data-element_type=\"container\">\n\t\t\t\t<div class=\"elementor-element elementor-element-63d7f54 elementor-widget elementor-widget-heading\" data-id=\"63d7f54\" data-element_type=\"widget\" data-widget_type=\"heading.default\">\n\t\t\t\t<div class=\"elementor-widget-container\">\n\t\t\t\t\t<h1 class=\"elementor-heading-title elementor-size-default\">Servicios<\/h1>\t\t\t\t<\/div>\n\t\t\t\t<\/div>\n\t\t\t\t<\/div>\n\t\t\t\t\t<\/div>\n\t\t\t\t<\/div>\n\t\t<div class=\"elementor-element elementor-element-11c73d1 e-con-full e-flex e-con e-parent\" data-id=\"11c73d1\" data-element_type=\"container\">\n\t\t<div class=\"elementor-element elementor-element-8ce24ca e-con-full e-flex e-con e-child\" data-id=\"8ce24ca\" data-element_type=\"container\" data-settings=\"{&quot;background_background&quot;:&quot;classic&quot;}\">\n\t\t<div class=\"elementor-element elementor-element-67fb3df e-con-full e-flex e-con e-child\" data-id=\"67fb3df\" data-element_type=\"container\">\n\t\t<div class=\"elementor-element elementor-element-da075c6 e-con-full e-flex e-con e-child\" data-id=\"da075c6\" data-element_type=\"container\">\n\t\t\t\t<div class=\"elementor-element elementor-element-1a12194 elementor-widget elementor-widget-heading\" data-id=\"1a12194\" data-element_type=\"widget\" data-widget_type=\"heading.default\">\n\t\t\t\t<div class=\"elementor-widget-container\">\n\t\t\t\t\t<h4 class=\"elementor-heading-title elementor-size-default\">Soluciones Integrales de Transporte\n\n<\/h4>\t\t\t\t<\/div>\n\t\t\t\t<\/div>\n\t\t\t\t<div class=\"elementor-element elementor-element-a106d0c elementor-widget elementor-widget-heading\" data-id=\"a106d0c\" data-element_type=\"widget\" data-widget_type=\"heading.default\">\n\t\t\t\t<div class=\"elementor-widget-container\">\n\t\t\t\t\t<h2 class=\"elementor-heading-title elementor-size-default\">Nuestros Servicios<\/h2>\t\t\t\t<\/div>\n\t\t\t\t<\/div>\n\t\t\t\t<div class=\"elementor-element elementor-element-a747963 elementor-widget elementor-widget-text-editor\" data-id=\"a747963\" data-element_type=\"widget\" data-widget_type=\"text-editor.default\">\n\t\t\t\t<div class=\"elementor-widget-container\">\n\t\t\t\t\t\t\t\t\tEn ProFleet Carriers, Inc., nos especializamos principalmente en\ntransporte de carga de cami\u00f3n. Ofrecemos tanto est\u00e1ndar como\nservicios justo a tiempo (JIT)\/acelerados para cumplir con los\nnecesidades espec\u00edficas de nuestros clientes. Ya sea que necesites\nConductores individuales o conductores de equipo, nos esforzamos por maximizar\nla eficiencia del tr\u00e1nsito de sus productos, asegurando la puntualidad\ny entrega confiable.\n\nCon nuestro enfoque basado en activos, integral\nservicios y asociaciones s\u00f3lidas, ProFleet Carriers,\nInc. se dedica a proporcionar la mejor calidad.\nservicios de transporte que satisfagan las necesidades de nuestros\nclientela.\t\t\t\t\t\t\t\t<\/div>\n\t\t\t\t<\/div>\n\t\t\t\t<div class=\"elementor-element elementor-element-182fbc3 elementor-widget elementor-widget-button\" data-id=\"182fbc3\" data-element_type=\"widget\" data-widget_type=\"button.default\">\n\t\t\t\t<div class=\"elementor-widget-container\">\n\t\t\t\t\t\t\t\t\t<div class=\"elementor-button-wrapper\">\n\t\t\t\t\t<a class=\"elementor-button elementor-button-link elementor-size-sm elementor-animation-grow\" href=\"https:\/\/www.profleetcarriers.com\/es\/contact-us\/\">\n\t\t\t\t\t\t<span class=\"elementor-button-content-wrapper\">\n\t\t\t\t\t\t\t\t\t<span class=\"elementor-button-text\">Contacta Nos<\/span>\n\t\t\t\t\t<\/span>\n\t\t\t\t\t<\/a>\n\t\t\t\t<\/div>\n\t\t\t\t\t\t\t\t<\/div>\n\t\t\t\t<\/div>\n\t\t\t\t<\/div>\n\t\t\t\t<\/div>\n\t\t\t\t<\/div>\n\t\t<div class=\"elementor-element elementor-element-82e4147 e-con-full e-flex e-con e-child\" data-id=\"82e4147\" data-element_type=\"container\" data-settings=\"{&quot;background_background&quot;:&quot;classic&quot;}\">\n\t\t<div class=\"elementor-element elementor-element-0cd53f2 e-con-full e-flex e-con e-child\" data-id=\"0cd53f2\" data-element_type=\"container\">\n\t\t<div class=\"elementor-element elementor-element-3f92e36 e-con-full e-flex e-con e-child\" data-id=\"3f92e36\" data-element_type=\"container\">\n\t\t\t\t<\/div>\n\t\t\t\t<\/div>\n\t\t\t\t<\/div>\n\t\t\t\t<\/div>\n\t\t<div class=\"elementor-element elementor-element-5042c3a e-flex e-con-boxed e-con e-parent\" data-id=\"5042c3a\" data-element_type=\"container\" data-settings=\"{&quot;background_background&quot;:&quot;classic&quot;}\">\n\t\t\t\t\t<div class=\"e-con-inner\">\n\t\t<div class=\"elementor-element elementor-element-eeba45c e-con-full e-flex e-con e-child\" data-id=\"eeba45c\" data-element_type=\"container\">\n\t\t<div class=\"elementor-element elementor-element-76f51b9 e-con-full e-flex e-con e-child\" data-id=\"76f51b9\" data-element_type=\"container\">\n\t\t<div class=\"elementor-element elementor-element-152a051 e-con-full e-flex e-con e-child\" data-id=\"152a051\" data-element_type=\"container\">\n\t\t\t\t<div class=\"elementor-element elementor-element-627be20 elementor-widget elementor-widget-heading\" data-id=\"627be20\" data-element_type=\"widget\" data-widget_type=\"heading.default\">\n\t\t\t\t<div class=\"elementor-widget-container\">\n\t\t\t\t\t<h3 class=\"elementor-heading-title elementor-size-default\">Nuestros Servicios<\/h3>\t\t\t\t<\/div>\n\t\t\t\t<\/div>\n\t\t\t\t<\/div>\n\t\t\t\t<\/div>\n\t\t<div class=\"elementor-element elementor-element-c605f92 e-con-full e-flex e-con e-child\" data-id=\"c605f92\" data-element_type=\"container\">\n\t\t<div class=\"elementor-element elementor-element-8d1658f e-con-full e-flex e-con e-child\" data-id=\"8d1658f\" data-element_type=\"container\">\n\t\t\t\t<div class=\"elementor-element elementor-element-09c03a8 elementor-position-top elementor-widget elementor-widget-image-box\" data-id=\"09c03a8\" data-element_type=\"widget\" data-widget_type=\"image-box.default\">\n\t\t\t\t<div class=\"elementor-widget-container\">\n\t\t\t\t\t<div class=\"elementor-image-box-wrapper\"><figure class=\"elementor-image-box-img\"><img decoding=\"async\" src=\"https:\/\/www.profleetcarriers.com\/wp-content\/uploads\/elementor\/thumbs\/International-qnsao7ubbr6ah3ktv6imhpsdtylir7jy58jujgrf0k.webp\" title=\"International\" alt=\"International\" loading=\"lazy\" \/><\/figure><div class=\"elementor-image-box-content\"><h3 class=\"elementor-image-box-title\"> Servicios de transporte transfronterizo<\/h3><p class=\"elementor-image-box-description\">Nos especializamos en transporte transfronterizo fluido entre EE. UU. y M\u00e9xico, garantizando una entrega y recogida eficiente de mercanc\u00edas sin la necesidad de servicios de transbordo.\n\n<\/p><\/div><\/div>\t\t\t\t<\/div>\n\t\t\t\t<\/div>\n\t\t\t\t<div class=\"elementor-element elementor-element-115c77d elementor-widget__width-auto elementor-align-center elementor-widget elementor-widget-button\" data-id=\"115c77d\" data-element_type=\"widget\" data-widget_type=\"button.default\">\n\t\t\t\t<div class=\"elementor-widget-container\">\n\t\t\t\t\t\t\t\t\t<div class=\"elementor-button-wrapper\">\n\t\t\t\t\t<a class=\"elementor-button elementor-button-link elementor-size-sm elementor-animation-grow\" href=\"https:\/\/www.profleetcarriers.com\/es\/contact-us\/\">\n\t\t\t\t\t\t<span class=\"elementor-button-content-wrapper\">\n\t\t\t\t\t\t\t\t\t<span class=\"elementor-button-text\">Contacta Nos<\/span>\n\t\t\t\t\t<\/span>\n\t\t\t\t\t<\/a>\n\t\t\t\t<\/div>\n\t\t\t\t\t\t\t\t<\/div>\n\t\t\t\t<\/div>\n\t\t\t\t<\/div>\n\t\t<div class=\"elementor-element elementor-element-76ddd43 e-con-full e-flex e-con e-child\" data-id=\"76ddd43\" data-element_type=\"container\">\n\t\t\t\t<div class=\"elementor-element elementor-element-0247761 elementor-position-top elementor-widget elementor-widget-image-box\" data-id=\"0247761\" data-element_type=\"widget\" data-widget_type=\"image-box.default\">\n\t\t\t\t<div class=\"elementor-widget-container\">\n\t\t\t\t\t<div class=\"elementor-image-box-wrapper\"><figure class=\"elementor-image-box-img\"><img decoding=\"async\" src=\"https:\/\/www.profleetcarriers.com\/wp-content\/uploads\/elementor\/thumbs\/WhatsApp-Image-2024-04-10-at-11.21.50-AM-5-qzxgcxghd4lnf4celfpty3qb10oi0sfd4lodq9h7es.jpeg\" title=\"WhatsApp Image 2024-04-10 at 11.21.50 AM (5)\" alt=\"WhatsApp Image 2024-04-10 at 11.21.50 AM (5)\" loading=\"lazy\" \/><\/figure><div class=\"elementor-image-box-content\"><h3 class=\"elementor-image-box-title\">GPS Tracking <\/h3><p class=\"elementor-image-box-description\">Tecnolog\u00eda avanzada de rastreo GPS que garantiza monitoreo en tiempo real de la ubicaci\u00f3n de camiones y remolques, brindando transparencia y mayor seguridad durante sus env\u00edos.\n\n<\/p><\/div><\/div>\t\t\t\t<\/div>\n\t\t\t\t<\/div>\n\t\t\t\t<div class=\"elementor-element elementor-element-5e3f5e5 elementor-widget__width-auto elementor-align-center elementor-widget elementor-widget-button\" data-id=\"5e3f5e5\" data-element_type=\"widget\" data-widget_type=\"button.default\">\n\t\t\t\t<div class=\"elementor-widget-container\">\n\t\t\t\t\t\t\t\t\t<div class=\"elementor-button-wrapper\">\n\t\t\t\t\t<a class=\"elementor-button elementor-button-link elementor-size-sm elementor-animation-grow\" href=\"https:\/\/www.profleetcarriers.com\/es\/contact-us\/\">\n\t\t\t\t\t\t<span class=\"elementor-button-content-wrapper\">\n\t\t\t\t\t\t\t\t\t<span class=\"elementor-button-text\">Contacta Nos<\/span>\n\t\t\t\t\t<\/span>\n\t\t\t\t\t<\/a>\n\t\t\t\t<\/div>\n\t\t\t\t\t\t\t\t<\/div>\n\t\t\t\t<\/div>\n\t\t\t\t<\/div>\n\t\t<div class=\"elementor-element elementor-element-a46c623 e-con-full e-flex e-con e-child\" data-id=\"a46c623\" data-element_type=\"container\">\n\t\t\t\t<div class=\"elementor-element elementor-element-ac552bd elementor-position-top elementor-widget elementor-widget-image-box\" data-id=\"ac552bd\" data-element_type=\"widget\" data-widget_type=\"image-box.default\">\n\t\t\t\t<div class=\"elementor-widget-container\">\n\t\t\t\t\t<div class=\"elementor-image-box-wrapper\"><figure class=\"elementor-image-box-img\"><img decoding=\"async\" src=\"https:\/\/www.profleetcarriers.com\/wp-content\/uploads\/elementor\/thumbs\/pexels-mart-production-7709085-scaled-r00u3u6ivmh1i7xahh15vlazrzvokn9s1zjrlcw81w.jpg\" title=\"pexels-mart-production-7709085\" alt=\"pexels-mart-production-7709085\" loading=\"lazy\" \/><\/figure><div class=\"elementor-image-box-content\"><h3 class=\"elementor-image-box-title\">24\/7 Bilingual Customer Support<\/h3><p class=\"elementor-image-box-description\">Servicio al cliente dedicado, disponible las 24 horas del d\u00eda en ingl\u00e9s y espa\u00f1ol, ofreciendo comunicaci\u00f3n y soporte sin interrupciones en cualquier momento.\n\n<\/p><\/div><\/div>\t\t\t\t<\/div>\n\t\t\t\t<\/div>\n\t\t\t\t<div class=\"elementor-element elementor-element-6a3314c elementor-widget__width-auto elementor-align-center elementor-widget elementor-widget-button\" data-id=\"6a3314c\" data-element_type=\"widget\" data-widget_type=\"button.default\">\n\t\t\t\t<div class=\"elementor-widget-container\">\n\t\t\t\t\t\t\t\t\t<div class=\"elementor-button-wrapper\">\n\t\t\t\t\t<a class=\"elementor-button elementor-button-link elementor-size-sm elementor-animation-grow\" href=\"https:\/\/www.profleetcarriers.com\/es\/contact-us\/\">\n\t\t\t\t\t\t<span class=\"elementor-button-content-wrapper\">\n\t\t\t\t\t\t\t\t\t<span class=\"elementor-button-text\">Contacta Nos<\/span>\n\t\t\t\t\t<\/span>\n\t\t\t\t\t<\/a>\n\t\t\t\t<\/div>\n\t\t\t\t\t\t\t\t<\/div>\n\t\t\t\t<\/div>\n\t\t\t\t<\/div>\n\t\t\t\t<\/div>\n\t\t<div class=\"elementor-element elementor-element-d9c4900 e-con-full e-flex e-con e-child\" data-id=\"d9c4900\" data-element_type=\"container\">\n\t\t<div class=\"elementor-element elementor-element-495f623 e-con-full e-flex e-con e-child\" data-id=\"495f623\" data-element_type=\"container\">\n\t\t\t\t<div class=\"elementor-element elementor-element-d86fea9 elementor-position-top elementor-widget elementor-widget-image-box\" data-id=\"d86fea9\" data-element_type=\"widget\" data-widget_type=\"image-box.default\">\n\t\t\t\t<div class=\"elementor-widget-container\">\n\t\t\t\t\t<div class=\"elementor-image-box-wrapper\"><figure class=\"elementor-image-box-img\"><img decoding=\"async\" src=\"https:\/\/www.profleetcarriers.com\/wp-content\/uploads\/elementor\/thumbs\/WhatsApp-Image-2025-01-08-at-4.58.02-PM-qzxgkf85ukuxz7gju6brbpnlilqudx6btowqgod7t0.jpeg\" title=\"WhatsApp Image 2025-01-08 at 4.58.02 PM\" alt=\"WhatsApp Image 2025-01-08 at 4.58.02 PM\" loading=\"lazy\" \/><\/figure><div class=\"elementor-image-box-content\"><h3 class=\"elementor-image-box-title\">Macro Point<br> Integration<\/h3><p class=\"elementor-image-box-description\">Seguimiento y comunicaci\u00f3n optimizados a trav\u00e9s de la integraci\u00f3n con Macro Point, permitiendo actualizaciones eficientes y una mejor gesti\u00f3n log\u00edstica.\n\n<\/p><\/div><\/div>\t\t\t\t<\/div>\n\t\t\t\t<\/div>\n\t\t\t\t<div class=\"elementor-element elementor-element-d253268 elementor-widget__width-auto elementor-align-center elementor-widget elementor-widget-button\" data-id=\"d253268\" data-element_type=\"widget\" data-widget_type=\"button.default\">\n\t\t\t\t<div class=\"elementor-widget-container\">\n\t\t\t\t\t\t\t\t\t<div class=\"elementor-button-wrapper\">\n\t\t\t\t\t<a class=\"elementor-button elementor-button-link elementor-size-sm elementor-animation-grow\" href=\"https:\/\/www.profleetcarriers.com\/es\/contact-us\/\">\n\t\t\t\t\t\t<span class=\"elementor-button-content-wrapper\">\n\t\t\t\t\t\t\t\t\t<span class=\"elementor-button-text\">Contacta Nos<\/span>\n\t\t\t\t\t<\/span>\n\t\t\t\t\t<\/a>\n\t\t\t\t<\/div>\n\t\t\t\t\t\t\t\t<\/div>\n\t\t\t\t<\/div>\n\t\t\t\t<\/div>\n\t\t<div class=\"elementor-element elementor-element-7c72d4e e-con-full e-flex e-con e-child\" data-id=\"7c72d4e\" data-element_type=\"container\">\n\t\t\t\t<div class=\"elementor-element elementor-element-4fcd5dc elementor-position-top elementor-widget elementor-widget-image-box\" data-id=\"4fcd5dc\" data-element_type=\"widget\" data-widget_type=\"image-box.default\">\n\t\t\t\t<div class=\"elementor-widget-container\">\n\t\t\t\t\t<div class=\"elementor-image-box-wrapper\"><figure class=\"elementor-image-box-img\"><img decoding=\"async\" src=\"https:\/\/www.profleetcarriers.com\/wp-content\/uploads\/elementor\/thumbs\/christopher-paul-high-O8dcG8oniJU-unsplash-scaled-qnsao7ubbr6ah3ktv6imhpsdtylir7jy58jujgrf0k.jpg\" title=\"christopher-paul-high-O8dcG8oniJU-unsplash\" alt=\"christopher-paul-high-O8dcG8oniJU-unsplash\" loading=\"lazy\" \/><\/figure><div class=\"elementor-image-box-content\"><h3 class=\"elementor-image-box-title\">\u00daltima milla <br> Servicios de entrega<\/h3><p class=\"elementor-image-box-description\">Confiable y r\u00e1pida, nuestra entrega de \u00faltima milla garantiza la entrega oportuna de paquetes, superando las expectativas con nuestra flota dedicada y conductores experimentados.\n\n\n\n\n\n\n<\/p><\/div><\/div>\t\t\t\t<\/div>\n\t\t\t\t<\/div>\n\t\t\t\t<div class=\"elementor-element elementor-element-4a6766f elementor-widget__width-auto elementor-align-center elementor-widget elementor-widget-button\" data-id=\"4a6766f\" data-element_type=\"widget\" data-widget_type=\"button.default\">\n\t\t\t\t<div class=\"elementor-widget-container\">\n\t\t\t\t\t\t\t\t\t<div class=\"elementor-button-wrapper\">\n\t\t\t\t\t<a class=\"elementor-button elementor-button-link elementor-size-sm elementor-animation-grow\" href=\"https:\/\/www.profleetcarriers.com\/es\/contact-us\/\">\n\t\t\t\t\t\t<span class=\"elementor-button-content-wrapper\">\n\t\t\t\t\t\t\t\t\t<span class=\"elementor-button-text\">Contacta Nos<\/span>\n\t\t\t\t\t<\/span>\n\t\t\t\t\t<\/a>\n\t\t\t\t<\/div>\n\t\t\t\t\t\t\t\t<\/div>\n\t\t\t\t<\/div>\n\t\t\t\t<\/div>\n\t\t<div class=\"elementor-element elementor-element-3781e66 e-con-full e-flex e-con e-child\" data-id=\"3781e66\" data-element_type=\"container\">\n\t\t\t\t<div class=\"elementor-element elementor-element-c596717 elementor-position-top elementor-widget elementor-widget-image-box\" data-id=\"c596717\" data-element_type=\"widget\" data-widget_type=\"image-box.default\">\n\t\t\t\t<div class=\"elementor-widget-container\">\n\t\t\t\t\t<div class=\"elementor-image-box-wrapper\"><figure class=\"elementor-image-box-img\"><img decoding=\"async\" src=\"https:\/\/www.profleetcarriers.com\/wp-content\/uploads\/elementor\/thumbs\/WhatsApp-Image-2024-04-10-at-11.21.50-AM-qzxgcfljr9x7aj2chpzx4q8jqp4iyjggq5a5m07op0.jpeg\" title=\"WhatsApp Image 2024-04-10 at 11.21.50 AM\" alt=\"WhatsApp Image 2024-04-10 at 11.21.50 AM\" loading=\"lazy\" \/><\/figure><div class=\"elementor-image-box-content\"><h3 class=\"elementor-image-box-title\">New Tractors <br>and Trailers<\/h3><p class=\"elementor-image-box-description\">Flota moderna de tractores y remolques equipados con la tecnolog\u00eda m\u00e1s reciente, garantizando un transporte seguro, eficiente y confiable.\n\n\n\n\n\n\n\n\n\n\n\n<\/p><\/div><\/div>\t\t\t\t<\/div>\n\t\t\t\t<\/div>\n\t\t\t\t<div class=\"elementor-element elementor-element-739ffb0 elementor-widget__width-auto elementor-align-center elementor-widget elementor-widget-button\" data-id=\"739ffb0\" data-element_type=\"widget\" data-widget_type=\"button.default\">\n\t\t\t\t<div class=\"elementor-widget-container\">\n\t\t\t\t\t\t\t\t\t<div class=\"elementor-button-wrapper\">\n\t\t\t\t\t<a class=\"elementor-button elementor-button-link elementor-size-sm elementor-animation-grow\" href=\"https:\/\/www.profleetcarriers.com\/es\/contact-us\/\">\n\t\t\t\t\t\t<span class=\"elementor-button-content-wrapper\">\n\t\t\t\t\t\t\t\t\t<span class=\"elementor-button-text\">Contacta Nos<\/span>\n\t\t\t\t\t<\/span>\n\t\t\t\t\t<\/a>\n\t\t\t\t<\/div>\n\t\t\t\t\t\t\t\t<\/div>\n\t\t\t\t<\/div>\n\t\t\t\t<\/div>\n\t\t\t\t<\/div>\n\t\t\t\t<\/div>\n\t\t\t\t\t<\/div>\n\t\t\t\t<\/div>\n\t\t\t\t<\/div>","protected":false},"excerpt":{"rendered":"<p>Services Comprehensive Transportation Solutions Our Services At ProFleet Carriers, Inc., we primarily specialize in truckload transportation. We offer both standard and just-in-time (JIT)\/expedited services to meet the specific needs of our customers. Whether you require single drivers or team drivers, we strive to maximize the transit efficiency of your products, ensuring timely and reliable delivery. [&hellip;]<\/p>\n","protected":false},"author":1,"featured_media":0,"parent":0,"menu_order":0,"comment_status":"closed","ping_status":"closed","template":"","meta":{"site-sidebar-layout":"no-sidebar","site-content-layout":"page-builder","ast-site-content-layout":"full-width-container","site-content-style":"unboxed","site-sidebar-style":"unboxed","ast-global-header-display":"","ast-banner-title-visibility":"","ast-main-header-display":"","ast-hfb-above-header-display":"","ast-hfb-below-header-display":"","ast-hfb-mobile-header-display":"","site-post-title":"disabled","ast-breadcrumbs-content":"disabled","ast-featured-img":"disabled","footer-sml-layout":"","ast-disable-related-posts":"","theme-transparent-header-meta":"enabled","adv-header-id-meta":"","stick-header-meta":"","header-above-stick-meta":"","header-main-stick-meta":"","header-below-stick-meta":"","astra-migrate-meta-layouts":"set","ast-page-background-enabled":"default","ast-page-background-meta":{"desktop":{"background-color":"var(--ast-global-color-4)","background-image":"","background-repeat":"repeat","background-position":"center center","background-size":"auto","background-attachment":"scroll","background-type":"","background-media":"","overlay-type":"","overlay-color":"","overlay-opacity":"","overlay-gradient":""},"tablet":{"background-color":"","background-image":"","background-repeat":"repeat","background-position":"center center","background-size":"auto","background-attachment":"scroll","background-type":"","background-media":"","overlay-type":"","overlay-color":"","overlay-opacity":"","overlay-gradient":""},"mobile":{"background-color":"","background-image":"","background-repeat":"repeat","background-position":"center center","background-size":"auto","background-attachment":"scroll","background-type":"","background-media":"","overlay-type":"","overlay-color":"","overlay-opacity":"","overlay-gradient":""}},"ast-content-background-meta":{"desktop":{"background-color":"var(--ast-global-color-5)","background-image":"","background-repeat":"repeat","background-position":"center center","background-size":"auto","background-attachment":"scroll","background-type":"","background-media":"","overlay-type":"","overlay-color":"","overlay-opacity":"","overlay-gradient":""},"tablet":{"background-color":"var(--ast-global-color-5)","background-image":"","background-repeat":"repeat","background-position":"center center","background-size":"auto","background-attachment":"scroll","background-type":"","background-media":"","overlay-type":"","overlay-color":"","overlay-opacity":"","overlay-gradient":""},"mobile":{"background-color":"var(--ast-global-color-5)","background-image":"","background-repeat":"repeat","background-position":"center center","background-size":"auto","background-attachment":"scroll","background-type":"","background-media":"","overlay-type":"","overlay-color":"","overlay-opacity":"","overlay-gradient":""}},"footnotes":""},"_links":{"self":[{"href":"https:\/\/www.profleetcarriers.com\/es\/wp-json\/wp\/v2\/pages\/310"}],"collection":[{"href":"https:\/\/www.profleetcarriers.com\/es\/wp-json\/wp\/v2\/pages"}],"about":[{"href":"https:\/\/www.profleetcarriers.com\/es\/wp-json\/wp\/v2\/types\/page"}],"author":[{"embeddable":true,"href":"https:\/\/www.profleetcarriers.com\/es\/wp-json\/wp\/v2\/users\/1"}],"replies":[{"embeddable":true,"href":"https:\/\/www.profleetcarriers.com\/es\/wp-json\/wp\/v2\/comments?post=310"}],"version-history":[{"count":43,"href":"https:\/\/www.profleetcarriers.com\/es\/wp-json\/wp\/v2\/pages\/310\/revisions"}],"predecessor-version":[{"id":1199,"href":"https:\/\/www.profleetcarriers.com\/es\/wp-json\/wp\/v2\/pages\/310\/revisions\/1199"}],"wp:attachment":[{"href":"https:\/\/www.profleetcarriers.com\/es\/wp-json\/wp\/v2\/media?parent=310"}],"curies":[{"name":"wp","href":"https:\/\/api.w.org\/{rel}","templated":true}]}}